{"id":1928,"date":"2024-08-22T16:12:04","date_gmt":"2024-08-22T14:12:04","guid":{"rendered":"https:\/\/staging.lasserhaus.it\/arte\/"},"modified":"2024-12-03T12:48:15","modified_gmt":"2024-12-03T11:48:15","slug":"arte","status":"publish","type":"page","link":"https:\/\/staging.lasserhaus.it\/it\/arte\/","title":{"rendered":"Arte"},"content":{"rendered":"\t\t<div data-elementor-type=\"wp-page\" data-elementor-id=\"1928\" class=\"elementor elementor-1928 elementor-1440\" data-elementor-post-type=\"page\">\n\t\t\t\t<div class=\"elementor-element elementor-element-a8a89fa e-flex e-con-boxed e-con e-parent\" data-id=\"a8a89fa\" data-element_type=\"container\" data-settings=\"{&quot;background_background&quot;:&quot;classic&quot;}\">\n\t\t\t\t\t<div class=\"e-con-inner\">\n\t\t\t\t<div class=\"elementor-element elementor-element-4db0fef elementor-widget elementor-widget-heading\" data-id=\"4db0fef\" data-element_type=\"widget\" data-widget_type=\"heading.default\">\n\t\t\t\t<div class=\"elementor-widget-container\">\n\t\t\t\t\t<h1 class=\"elementor-heading-title elementor-size-default\">Arte nel Lasserhaus<\/h1>\t\t\t\t<\/div>\n\t\t\t\t<\/div>\n\t\t\t\t<div class=\"elementor-element elementor-element-d0d13c6 elementor-widget elementor-widget-breadcrumbs\" data-id=\"d0d13c6\" data-element_type=\"widget\" data-widget_type=\"breadcrumbs.default\">\n\t\t\t\t<div class=\"elementor-widget-container\">\n\t\t\t\t\t<p id=\"breadcrumbs\"><span><span><a href=\"https:\/\/staging.lasserhaus.it\/it\/\">Home<\/a><\/span><\/span><\/p>\t\t\t\t<\/div>\n\t\t\t\t<\/div>\n\t\t\t\t\t<\/div>\n\t\t\t\t<\/div>\n\t\t<div class=\"elementor-element elementor-element-07bd425 e-flex e-con-boxed e-con e-parent\" data-id=\"07bd425\" data-element_type=\"container\" data-settings=\"{&quot;background_background&quot;:&quot;classic&quot;}\">\n\t\t\t\t\t<div class=\"e-con-inner\">\n\t\t<div class=\"elementor-element elementor-element-a20f924 e-con-full e-flex e-con e-child\" data-id=\"a20f924\" data-element_type=\"container\">\n\t\t\t\t<div class=\"elementor-element elementor-element-ccfdabd elementor-widget elementor-widget-heading\" data-id=\"ccfdabd\" data-element_type=\"widget\" data-widget_type=\"heading.default\">\n\t\t\t\t<div class=\"elementor-widget-container\">\n\t\t\t\t\t<h2 class=\"elementor-heading-title elementor-size-default\">Opere permanenti<\/h2>\t\t\t\t<\/div>\n\t\t\t\t<\/div>\n\t\t\t\t<div class=\"elementor-element elementor-element-ac40b30 elementor-widget elementor-widget-text-editor\" data-id=\"ac40b30\" data-element_type=\"widget\" data-widget_type=\"text-editor.default\">\n\t\t\t\t<div class=\"elementor-widget-container\">\n\t\t\t\t\t\t\t\t\t<p>Quando si entra nel Lasserhaus, si percepisce immediatamente l&#8217;energia di un edificio che esiste da parecchi anni. Eppure, oltre a questa aura storica, l&#8217;edificio sorprende con la sua architettura contemporanea, intervallata da opere d&#8217;arte individuali.<br \/>\nBenvenuti al Lasserhaus. Qui storia e modernit\u00e0 vivono in una simbiosi ricca di contrasti.<\/p>\n\t\t\t\t\t\t\t\t<\/div>\n\t\t\t\t<\/div>\n\t\t<div class=\"elementor-element elementor-element-59c9e3e e-con-full e-flex e-con e-child\" data-id=\"59c9e3e\" data-element_type=\"container\">\n\t\t\t\t<div class=\"elementor-element elementor-element-00f917b elementor-widget elementor-widget-button\" data-id=\"00f917b\" data-element_type=\"widget\" data-widget_type=\"button.default\">\n\t\t\t\t<div class=\"elementor-widget-container\">\n\t\t\t\t\t\t\t\t\t<div class=\"elementor-button-wrapper\">\n\t\t\t\t\t<a class=\"elementor-button elementor-button-link elementor-size-sm\" href=\"https:\/\/staging.lasserhaus.it\/it\/arte\/opere-contemporanee-nel-lasserhaus\/\">\n\t\t\t\t\t\t<span class=\"elementor-button-content-wrapper\">\n\t\t\t\t\t\t\t\t\t<span class=\"elementor-button-text\">Opere contemporanee<\/span>\n\t\t\t\t\t<\/span>\n\t\t\t\t\t<\/a>\n\t\t\t\t<\/div>\n\t\t\t\t\t\t\t\t<\/div>\n\t\t\t\t<\/div>\n\t\t\t\t<div class=\"elementor-element elementor-element-16e850d elementor-widget elementor-widget-button\" data-id=\"16e850d\" data-element_type=\"widget\" data-widget_type=\"button.default\">\n\t\t\t\t<div class=\"elementor-widget-container\">\n\t\t\t\t\t\t\t\t\t<div class=\"elementor-button-wrapper\">\n\t\t\t\t\t<a class=\"elementor-button elementor-button-link elementor-size-sm\" href=\"https:\/\/staging.lasserhaus.it\/it\/arte\/opere-classiche-nel-lasserhaus\/\">\n\t\t\t\t\t\t<span class=\"elementor-button-content-wrapper\">\n\t\t\t\t\t\t\t\t\t<span class=\"elementor-button-text\">Opere classiche<\/span>\n\t\t\t\t\t<\/span>\n\t\t\t\t\t<\/a>\n\t\t\t\t<\/div>\n\t\t\t\t\t\t\t\t<\/div>\n\t\t\t\t<\/div>\n\t\t\t\t<\/div>\n\t\t\t\t<\/div>\n\t\t<div class=\"elementor-element elementor-element-aae50b2 e-con-full e-flex e-con e-child\" data-id=\"aae50b2\" data-element_type=\"container\">\n\t\t\t\t<div class=\"elementor-element elementor-element-c2853f6 elementor-widget elementor-widget-image\" data-id=\"c2853f6\" data-element_type=\"widget\" data-widget_type=\"image.default\">\n\t\t\t\t<div class=\"elementor-widget-container\">\n\t\t\t\t\t\t\t\t\t\t\t\t\t\t\t<img fetchpriority=\"high\" decoding=\"async\" width=\"1024\" height=\"683\" src=\"https:\/\/staging.lasserhaus.it\/wp-content\/uploads\/2024\/08\/Lasserhaus-Part-III-web-321-1024x683.jpg\" class=\"attachment-large size-large wp-image-1461\" alt=\"Das Foto zeigt einen Bereich im Erdgeschoss des Lasserhaus. In der Ecke des Raumes steht ein gr\u00fcnes Sofa. An der Wand h\u00e4ngen drei klassische Gem\u00e4lde aus der Kunstsammlung des Lasserhaus, dazwischen h\u00e4ngt das Werk &quot;like&quot; von Petra Polli.\" srcset=\"https:\/\/staging.lasserhaus.it\/wp-content\/uploads\/2024\/08\/Lasserhaus-Part-III-web-321-1024x683.jpg 1024w, https:\/\/staging.lasserhaus.it\/wp-content\/uploads\/2024\/08\/Lasserhaus-Part-III-web-321-300x200.jpg 300w, https:\/\/staging.lasserhaus.it\/wp-content\/uploads\/2024\/08\/Lasserhaus-Part-III-web-321-768x512.jpg 768w, https:\/\/staging.lasserhaus.it\/wp-content\/uploads\/2024\/08\/Lasserhaus-Part-III-web-321-1536x1025.jpg 1536w, https:\/\/staging.lasserhaus.it\/wp-content\/uploads\/2024\/08\/Lasserhaus-Part-III-web-321.jpg 2048w\" sizes=\"(max-width: 1024px) 100vw, 1024px\" \/>\t\t\t\t\t\t\t\t\t\t\t\t\t\t\t<\/div>\n\t\t\t\t<\/div>\n\t\t\t\t<\/div>\n\t\t\t\t\t<\/div>\n\t\t\t\t<\/div>\n\t\t<div class=\"elementor-element elementor-element-7fe6a3b e-flex e-con-boxed e-con e-parent\" data-id=\"7fe6a3b\" data-element_type=\"container\">\n\t\t\t\t\t<div class=\"e-con-inner\">\n\t\t<div class=\"elementor-element elementor-element-2b4a26d e-con-full e-flex e-con e-child\" data-id=\"2b4a26d\" data-element_type=\"container\">\n\t\t\t\t<div class=\"elementor-element elementor-element-b537adc elementor-widget elementor-widget-heading\" data-id=\"b537adc\" data-element_type=\"widget\" data-widget_type=\"heading.default\">\n\t\t\t\t<div class=\"elementor-widget-container\">\n\t\t\t\t\t<h2 class=\"elementor-heading-title elementor-size-default\"><a href=\"https:\/\/staging.lasserhaus.it\/kunst\/lasser-crossing\/\">Lasser Crossing<\/a><\/h2>\t\t\t\t<\/div>\n\t\t\t\t<\/div>\n\t\t\t\t<div class=\"elementor-element elementor-element-f56adad elementor-widget elementor-widget-text-editor\" data-id=\"f56adad\" data-element_type=\"widget\" data-widget_type=\"text-editor.default\">\n\t\t\t\t<div class=\"elementor-widget-container\">\n\t\t\t\t\t\t\t\t\t<p>Lasser Crossing \u00e8 il programma culturale dell\u2019hotel. Amiamo la cultura e vogliamo condividerla con i nostri ospiti. Artisti e professionisti della cultura, cos\u00ec come amici e centri culturali, sono quindi sempre i benvenuti. Lo scambio reciproco crea incontri che risuonano a lungo.<\/p>\n\t\t\t\t\t\t\t\t<\/div>\n\t\t\t\t<\/div>\n\t\t\t\t<div class=\"elementor-element elementor-element-a5a5d1c elementor-widget elementor-widget-button\" data-id=\"a5a5d1c\" data-element_type=\"widget\" data-widget_type=\"button.default\">\n\t\t\t\t<div class=\"elementor-widget-container\">\n\t\t\t\t\t\t\t\t\t<div class=\"elementor-button-wrapper\">\n\t\t\t\t\t<a class=\"elementor-button elementor-button-link elementor-size-sm\" href=\"https:\/\/staging.lasserhaus.it\/it\/arte\/lasser-crossing\/\">\n\t\t\t\t\t\t<span class=\"elementor-button-content-wrapper\">\n\t\t\t\t\t\t\t\t\t<span class=\"elementor-button-text\">Leggi di pi\u00f9<\/span>\n\t\t\t\t\t<\/span>\n\t\t\t\t\t<\/a>\n\t\t\t\t<\/div>\n\t\t\t\t\t\t\t\t<\/div>\n\t\t\t\t<\/div>\n\t\t\t\t<\/div>\n\t\t<div class=\"elementor-element elementor-element-8f1455b e-con-full e-flex e-con e-child\" data-id=\"8f1455b\" data-element_type=\"container\">\n\t\t\t\t<div class=\"elementor-element elementor-element-0f65284 elementor-widget elementor-widget-image\" data-id=\"0f65284\" data-element_type=\"widget\" data-widget_type=\"image.default\">\n\t\t\t\t<div class=\"elementor-widget-container\">\n\t\t\t\t\t\t\t\t\t\t\t\t\t\t\t\t<a href=\"https:\/\/staging.lasserhaus.it\/kunst\/lasser-crossing\/\">\n\t\t\t\t\t\t\t<img decoding=\"async\" width=\"1024\" height=\"683\" src=\"https:\/\/staging.lasserhaus.it\/wp-content\/uploads\/2024\/08\/K2A3004-web-\u00a9freiundzeit-1024x683.jpg\" class=\"attachment-large size-large wp-image-1470\" alt=\"Das Foto zeigt verschiedene Personen beim Besichtigen des Lasserhaus im Rahmen von Lasser Crossing.\" srcset=\"https:\/\/staging.lasserhaus.it\/wp-content\/uploads\/2024\/08\/K2A3004-web-\u00a9freiundzeit-1024x683.jpg 1024w, https:\/\/staging.lasserhaus.it\/wp-content\/uploads\/2024\/08\/K2A3004-web-\u00a9freiundzeit-300x200.jpg 300w, https:\/\/staging.lasserhaus.it\/wp-content\/uploads\/2024\/08\/K2A3004-web-\u00a9freiundzeit-768x512.jpg 768w, https:\/\/staging.lasserhaus.it\/wp-content\/uploads\/2024\/08\/K2A3004-web-\u00a9freiundzeit-1536x1025.jpg 1536w, https:\/\/staging.lasserhaus.it\/wp-content\/uploads\/2024\/08\/K2A3004-web-\u00a9freiundzeit.jpg 2048w\" sizes=\"(max-width: 1024px) 100vw, 1024px\" \/>\t\t\t\t\t\t\t\t<\/a>\n\t\t\t\t\t\t\t\t\t\t\t\t\t\t\t<\/div>\n\t\t\t\t<\/div>\n\t\t\t\t<\/div>\n\t\t\t\t\t<\/div>\n\t\t\t\t<\/div>\n\t\t<div class=\"elementor-element elementor-element-28cbd13 e-con-full e-flex e-con e-parent\" data-id=\"28cbd13\" data-element_type=\"container\">\n\t\t\t\t<div class=\"elementor-element elementor-element-832be01 elementor-widget elementor-widget-shortcode\" data-id=\"832be01\" data-element_type=\"widget\" data-widget_type=\"shortcode.default\">\n\t\t\t\t<div class=\"elementor-widget-container\">\n\t\t\t\t\t\t\t<div class=\"elementor-shortcode\">\t\t<div data-elementor-type=\"container\" data-elementor-id=\"1892\" class=\"elementor elementor-1892 elementor-1889\" data-elementor-post-type=\"elementor_library\">\n\t\t\t\t<div class=\"elementor-element elementor-element-2085d11 e-flex e-con-boxed e-con e-parent\" data-id=\"2085d11\" data-element_type=\"container\" data-settings=\"{&quot;background_background&quot;:&quot;classic&quot;}\">\n\t\t\t\t\t<div class=\"e-con-inner\">\n\t\t<div class=\"elementor-element elementor-element-60fa684 e-flex e-con-boxed e-con e-child\" data-id=\"60fa684\" data-element_type=\"container\">\n\t\t\t\t\t<div class=\"e-con-inner\">\n\t\t\t\t<div class=\"elementor-element elementor-element-5568d02 elementor-widget elementor-widget-heading\" data-id=\"5568d02\" data-element_type=\"widget\" data-widget_type=\"heading.default\">\n\t\t\t\t<div class=\"elementor-widget-container\">\n\t\t\t\t\t<h2 class=\"elementor-heading-title elementor-size-default\">Delizie culinarie e atmosfera cittadina a pochi passi di distanza<\/h2>\t\t\t\t<\/div>\n\t\t\t\t<\/div>\n\t\t\t\t\t<\/div>\n\t\t\t\t<\/div>\n\t\t<div class=\"elementor-element elementor-element-585c62d e-con-full e-flex e-con e-child\" data-id=\"585c62d\" data-element_type=\"container\">\n\t\t<div class=\"elementor-element elementor-element-3f596e6 e-flex e-con-boxed e-con e-child\" data-id=\"3f596e6\" data-element_type=\"container\">\n\t\t\t\t\t<div class=\"e-con-inner\">\n\t\t\t\t<div class=\"elementor-element elementor-element-6063040 elementor-widget elementor-widget-heading\" data-id=\"6063040\" data-element_type=\"widget\" data-widget_type=\"heading.default\">\n\t\t\t\t<div class=\"elementor-widget-container\">\n\t\t\t\t\t<h3 class=\"elementor-heading-title elementor-size-default\"> Delizie culinarie<br>nel \"Alter Schlachthof\"<\/h3>\t\t\t\t<\/div>\n\t\t\t\t<\/div>\n\t\t\t\t<div class=\"elementor-element elementor-element-9f0dff8 elementor-widget elementor-widget-image\" data-id=\"9f0dff8\" data-element_type=\"widget\" data-widget_type=\"image.default\">\n\t\t\t\t<div class=\"elementor-widget-container\">\n\t\t\t\t\t\t\t\t\t\t\t\t\t\t\t<img decoding=\"async\" width=\"1024\" height=\"683\" src=\"https:\/\/staging.lasserhaus.it\/wp-content\/uploads\/2024\/10\/alter-schlachthof-kulinarik-1.jpg\" class=\"attachment-large size-large wp-image-2652\" alt=\"Das Bild zeigt einen gedeckten Tisch im Restaurant Alter Schlachthof in Brixen. Auf dem Tisch befinden sich ein Steak, Salate, das hauseigene Viertel Bier und S\u00fcsskartoffel Spalten.\" srcset=\"https:\/\/staging.lasserhaus.it\/wp-content\/uploads\/2024\/10\/alter-schlachthof-kulinarik-1.jpg 1024w, https:\/\/staging.lasserhaus.it\/wp-content\/uploads\/2024\/10\/alter-schlachthof-kulinarik-1-300x200.jpg 300w, https:\/\/staging.lasserhaus.it\/wp-content\/uploads\/2024\/10\/alter-schlachthof-kulinarik-1-768x512.jpg 768w\" sizes=\"(max-width: 1024px) 100vw, 1024px\" \/>\t\t\t\t\t\t\t\t\t\t\t\t\t\t\t<\/div>\n\t\t\t\t<\/div>\n\t\t\t\t<div class=\"elementor-element elementor-element-65f7bd3 elementor-widget elementor-widget-text-editor\" data-id=\"65f7bd3\" data-element_type=\"widget\" data-widget_type=\"text-editor.default\">\n\t\t\t\t<div class=\"elementor-widget-container\">\n\t\t\t\t\t\t\t\t\t<p>Nel nostro ristorante Alter Schlachthof utilizziamo il maggior numero possibile di prodotti provenienti da agricoltori locali e da fornitori selezionati nelle immediate vicinanze. Questo vale sia per i classici altoatesini che per le escursioni nella cucina internazionale.<\/p>\n\t\t\t\t\t\t\t\t<\/div>\n\t\t\t\t<\/div>\n\t\t\t\t\t<\/div>\n\t\t\t\t<\/div>\n\t\t<div class=\"elementor-element elementor-element-44ffff7 e-flex e-con-boxed e-con e-child\" data-id=\"44ffff7\" data-element_type=\"container\">\n\t\t\t\t\t<div class=\"e-con-inner\">\n\t\t\t\t<div class=\"elementor-element elementor-element-fe2163b elementor-widget elementor-widget-heading\" data-id=\"fe2163b\" data-element_type=\"widget\" data-widget_type=\"heading.default\">\n\t\t\t\t<div class=\"elementor-widget-container\">\n\t\t\t\t\t<h3 class=\"elementor-heading-title elementor-size-default\">\u201cAperitivo-Time\u201d nella<br>Viertel Bar<\/h3>\t\t\t\t<\/div>\n\t\t\t\t<\/div>\n\t\t\t\t<div class=\"elementor-element elementor-element-f9e9f88 elementor-widget elementor-widget-image\" data-id=\"f9e9f88\" data-element_type=\"widget\" data-widget_type=\"image.default\">\n\t\t\t\t<div class=\"elementor-widget-container\">\n\t\t\t\t\t\t\t\t\t\t\t\t\t\t\t<img loading=\"lazy\" decoding=\"async\" width=\"1024\" height=\"683\" src=\"https:\/\/staging.lasserhaus.it\/wp-content\/uploads\/2024\/10\/K2A6739-web-\u00a9freiundzeit-1024x683.jpg\" class=\"attachment-large size-large wp-image-2602\" alt=\"Das 3 H\u00e4nde mit verschiedenen Getr\u00e4nken in der Viertel Bar in der Brixner Innenstadt beim Ansto\u00dfen\" srcset=\"https:\/\/staging.lasserhaus.it\/wp-content\/uploads\/2024\/10\/K2A6739-web-\u00a9freiundzeit-1024x683.jpg 1024w, https:\/\/staging.lasserhaus.it\/wp-content\/uploads\/2024\/10\/K2A6739-web-\u00a9freiundzeit-300x200.jpg 300w, https:\/\/staging.lasserhaus.it\/wp-content\/uploads\/2024\/10\/K2A6739-web-\u00a9freiundzeit-768x512.jpg 768w, https:\/\/staging.lasserhaus.it\/wp-content\/uploads\/2024\/10\/K2A6739-web-\u00a9freiundzeit-1536x1025.jpg 1536w, https:\/\/staging.lasserhaus.it\/wp-content\/uploads\/2024\/10\/K2A6739-web-\u00a9freiundzeit.jpg 2048w\" sizes=\"(max-width: 1024px) 100vw, 1024px\" \/>\t\t\t\t\t\t\t\t\t\t\t\t\t\t\t<\/div>\n\t\t\t\t<\/div>\n\t\t\t\t<div class=\"elementor-element elementor-element-84b9970 elementor-widget elementor-widget-text-editor\" data-id=\"84b9970\" data-element_type=\"widget\" data-widget_type=\"text-editor.default\">\n\t\t\t\t<div class=\"elementor-widget-container\">\n\t\t\t\t\t\t\t\t\t<p>Godetevi un\u2019ampia scelta di bevande e deliziosi piatti semplici e antipasti nel nostro Viertel Bar nel centro di Bressanone. L\u2019elegante bar e l\u2019area esterna con vista sulla torre bianca invitano giovani e meno giovani a soffermarsi.<\/p>\n\t\t\t\t\t\t\t\t<\/div>\n\t\t\t\t<\/div>\n\t\t\t\t\t<\/div>\n\t\t\t\t<\/div>\n\t\t\t\t<\/div>\n\t\t\t\t\t<\/div>\n\t\t\t\t<\/div>\n\t\t\t\t<\/div>\n\t\t<\/div>\n\t\t\t\t\t\t<\/div>\n\t\t\t\t<\/div>\n\t\t\t\t<\/div>\n\t\t\t\t<\/div>\n\t\t","protected":false},"excerpt":{"rendered":"<p>Arte nel Lasserhaus Opere permanenti Quando si entra nel Lasserhaus, si percepisce immediatamente l&#8217;energia di un edificio che esiste da parecchi anni. Eppure, oltre a questa aura storica, l&#8217;edificio sorprende con la sua architettura contemporanea, intervallata da opere d&#8217;arte individuali. Benvenuti al Lasserhaus. Qui storia e modernit\u00e0 vivono in una simbiosi ricca di contrasti. Opere [&hellip;]<\/p>\n","protected":false},"author":1,"featured_media":0,"parent":0,"menu_order":0,"comment_status":"closed","ping_status":"closed","template":"","meta":{"_acf_changed":false},"class_list":["post-1928","page","type-page","status-publish","hentry"],"acf":[],"yoast_head":"<!-- This site is optimized with the Yoast SEO plugin v26.3 - https:\/\/yoast.com\/wordpress\/plugins\/seo\/ -->\n<title>Arte - Lasserhaus<\/title>\n<meta name=\"robots\" content=\"noindex, follow, max-snippet:-1, max-image-preview:large, max-video-preview:-1\" \/>\n<meta property=\"og:locale\" content=\"it_IT\" \/>\n<meta property=\"og:type\" content=\"article\" \/>\n<meta property=\"og:title\" content=\"Arte - Lasserhaus\" \/>\n<meta property=\"og:description\" content=\"Arte nel Lasserhaus Opere permanenti Quando si entra nel Lasserhaus, si percepisce immediatamente l&#8217;energia di un edificio che esiste da parecchi anni. Eppure, oltre a questa aura storica, l&#8217;edificio sorprende con la sua architettura contemporanea, intervallata da opere d&#8217;arte individuali. Benvenuti al Lasserhaus. Qui storia e modernit\u00e0 vivono in una simbiosi ricca di contrasti. Opere [&hellip;]\" \/>\n<meta property=\"og:url\" content=\"https:\/\/staging.lasserhaus.it\/it\/arte\/\" \/>\n<meta property=\"og:site_name\" content=\"Lasserhaus\" \/>\n<meta property=\"article:modified_time\" content=\"2024-12-03T11:48:15+00:00\" \/>\n<meta property=\"og:image\" content=\"https:\/\/staging.lasserhaus.it\/wp-content\/uploads\/2024\/08\/Lasserhaus-Part-III-web-321.jpg\" \/>\n\t<meta property=\"og:image:width\" content=\"2048\" \/>\n\t<meta property=\"og:image:height\" content=\"1366\" \/>\n\t<meta property=\"og:image:type\" content=\"image\/jpeg\" \/>\n<meta name=\"twitter:card\" content=\"summary_large_image\" \/>\n<meta name=\"twitter:label1\" content=\"Tempo di lettura stimato\" \/>\n\t<meta name=\"twitter:data1\" content=\"1 minuto\" \/>\n<script type=\"application\/ld+json\" class=\"yoast-schema-graph\">{\"@context\":\"https:\/\/schema.org\",\"@graph\":[{\"@type\":\"WebPage\",\"@id\":\"https:\/\/staging.lasserhaus.it\/it\/arte\/\",\"url\":\"https:\/\/staging.lasserhaus.it\/it\/arte\/\",\"name\":\"Arte - Lasserhaus\",\"isPartOf\":{\"@id\":\"https:\/\/staging.lasserhaus.it\/it\/#website\"},\"primaryImageOfPage\":{\"@id\":\"https:\/\/staging.lasserhaus.it\/it\/arte\/#primaryimage\"},\"image\":{\"@id\":\"https:\/\/staging.lasserhaus.it\/it\/arte\/#primaryimage\"},\"thumbnailUrl\":\"https:\/\/staging.lasserhaus.it\/wp-content\/uploads\/2024\/08\/Lasserhaus-Part-III-web-321-1024x683.jpg\",\"datePublished\":\"2024-08-22T14:12:04+00:00\",\"dateModified\":\"2024-12-03T11:48:15+00:00\",\"breadcrumb\":{\"@id\":\"https:\/\/staging.lasserhaus.it\/it\/arte\/#breadcrumb\"},\"inLanguage\":\"it-IT\",\"potentialAction\":[{\"@type\":\"ReadAction\",\"target\":[\"https:\/\/staging.lasserhaus.it\/it\/arte\/\"]}]},{\"@type\":\"ImageObject\",\"inLanguage\":\"it-IT\",\"@id\":\"https:\/\/staging.lasserhaus.it\/it\/arte\/#primaryimage\",\"url\":\"https:\/\/staging.lasserhaus.it\/wp-content\/uploads\/2024\/08\/Lasserhaus-Part-III-web-321-1024x683.jpg\",\"contentUrl\":\"https:\/\/staging.lasserhaus.it\/wp-content\/uploads\/2024\/08\/Lasserhaus-Part-III-web-321-1024x683.jpg\"},{\"@type\":\"BreadcrumbList\",\"@id\":\"https:\/\/staging.lasserhaus.it\/it\/arte\/#breadcrumb\",\"itemListElement\":[{\"@type\":\"ListItem\",\"position\":1,\"name\":\"Home\",\"item\":\"https:\/\/staging.lasserhaus.it\/it\/\"},{\"@type\":\"ListItem\",\"position\":2,\"name\":\"Arte\"}]},{\"@type\":\"WebSite\",\"@id\":\"https:\/\/staging.lasserhaus.it\/it\/#website\",\"url\":\"https:\/\/staging.lasserhaus.it\/it\/\",\"name\":\"Lasserhaus\",\"description\":\"\",\"publisher\":{\"@id\":\"https:\/\/staging.lasserhaus.it\/it\/#organization\"},\"potentialAction\":[{\"@type\":\"SearchAction\",\"target\":{\"@type\":\"EntryPoint\",\"urlTemplate\":\"https:\/\/staging.lasserhaus.it\/it\/?s={search_term_string}\"},\"query-input\":{\"@type\":\"PropertyValueSpecification\",\"valueRequired\":true,\"valueName\":\"search_term_string\"}}],\"inLanguage\":\"it-IT\"},{\"@type\":\"Organization\",\"@id\":\"https:\/\/staging.lasserhaus.it\/it\/#organization\",\"name\":\"Lasserhaus\",\"url\":\"https:\/\/staging.lasserhaus.it\/it\/\",\"logo\":{\"@type\":\"ImageObject\",\"inLanguage\":\"it-IT\",\"@id\":\"https:\/\/staging.lasserhaus.it\/it\/#\/schema\/logo\/image\/\",\"url\":\"https:\/\/staging.lasserhaus.it\/wp-content\/uploads\/2023\/04\/lasserhaus-logo-web.jpg\",\"contentUrl\":\"https:\/\/staging.lasserhaus.it\/wp-content\/uploads\/2023\/04\/lasserhaus-logo-web.jpg\",\"width\":866,\"height\":460,\"caption\":\"Lasserhaus\"},\"image\":{\"@id\":\"https:\/\/staging.lasserhaus.it\/it\/#\/schema\/logo\/image\/\"}}]}<\/script>\n<!-- \/ Yoast SEO plugin. -->","yoast_head_json":{"title":"Arte - Lasserhaus","robots":{"index":"noindex","follow":"follow","max-snippet":"max-snippet:-1","max-image-preview":"max-image-preview:large","max-video-preview":"max-video-preview:-1"},"og_locale":"it_IT","og_type":"article","og_title":"Arte - Lasserhaus","og_description":"Arte nel Lasserhaus Opere permanenti Quando si entra nel Lasserhaus, si percepisce immediatamente l&#8217;energia di un edificio che esiste da parecchi anni. Eppure, oltre a questa aura storica, l&#8217;edificio sorprende con la sua architettura contemporanea, intervallata da opere d&#8217;arte individuali. Benvenuti al Lasserhaus. Qui storia e modernit\u00e0 vivono in una simbiosi ricca di contrasti. Opere [&hellip;]","og_url":"https:\/\/staging.lasserhaus.it\/it\/arte\/","og_site_name":"Lasserhaus","article_modified_time":"2024-12-03T11:48:15+00:00","og_image":[{"width":2048,"height":1366,"url":"https:\/\/staging.lasserhaus.it\/wp-content\/uploads\/2024\/08\/Lasserhaus-Part-III-web-321.jpg","type":"image\/jpeg"}],"twitter_card":"summary_large_image","twitter_misc":{"Tempo di lettura stimato":"1 minuto"},"schema":{"@context":"https:\/\/schema.org","@graph":[{"@type":"WebPage","@id":"https:\/\/staging.lasserhaus.it\/it\/arte\/","url":"https:\/\/staging.lasserhaus.it\/it\/arte\/","name":"Arte - Lasserhaus","isPartOf":{"@id":"https:\/\/staging.lasserhaus.it\/it\/#website"},"primaryImageOfPage":{"@id":"https:\/\/staging.lasserhaus.it\/it\/arte\/#primaryimage"},"image":{"@id":"https:\/\/staging.lasserhaus.it\/it\/arte\/#primaryimage"},"thumbnailUrl":"https:\/\/staging.lasserhaus.it\/wp-content\/uploads\/2024\/08\/Lasserhaus-Part-III-web-321-1024x683.jpg","datePublished":"2024-08-22T14:12:04+00:00","dateModified":"2024-12-03T11:48:15+00:00","breadcrumb":{"@id":"https:\/\/staging.lasserhaus.it\/it\/arte\/#breadcrumb"},"inLanguage":"it-IT","potentialAction":[{"@type":"ReadAction","target":["https:\/\/staging.lasserhaus.it\/it\/arte\/"]}]},{"@type":"ImageObject","inLanguage":"it-IT","@id":"https:\/\/staging.lasserhaus.it\/it\/arte\/#primaryimage","url":"https:\/\/staging.lasserhaus.it\/wp-content\/uploads\/2024\/08\/Lasserhaus-Part-III-web-321-1024x683.jpg","contentUrl":"https:\/\/staging.lasserhaus.it\/wp-content\/uploads\/2024\/08\/Lasserhaus-Part-III-web-321-1024x683.jpg"},{"@type":"BreadcrumbList","@id":"https:\/\/staging.lasserhaus.it\/it\/arte\/#breadcrumb","itemListElement":[{"@type":"ListItem","position":1,"name":"Home","item":"https:\/\/staging.lasserhaus.it\/it\/"},{"@type":"ListItem","position":2,"name":"Arte"}]},{"@type":"WebSite","@id":"https:\/\/staging.lasserhaus.it\/it\/#website","url":"https:\/\/staging.lasserhaus.it\/it\/","name":"Lasserhaus","description":"","publisher":{"@id":"https:\/\/staging.lasserhaus.it\/it\/#organization"},"potentialAction":[{"@type":"SearchAction","target":{"@type":"EntryPoint","urlTemplate":"https:\/\/staging.lasserhaus.it\/it\/?s={search_term_string}"},"query-input":{"@type":"PropertyValueSpecification","valueRequired":true,"valueName":"search_term_string"}}],"inLanguage":"it-IT"},{"@type":"Organization","@id":"https:\/\/staging.lasserhaus.it\/it\/#organization","name":"Lasserhaus","url":"https:\/\/staging.lasserhaus.it\/it\/","logo":{"@type":"ImageObject","inLanguage":"it-IT","@id":"https:\/\/staging.lasserhaus.it\/it\/#\/schema\/logo\/image\/","url":"https:\/\/staging.lasserhaus.it\/wp-content\/uploads\/2023\/04\/lasserhaus-logo-web.jpg","contentUrl":"https:\/\/staging.lasserhaus.it\/wp-content\/uploads\/2023\/04\/lasserhaus-logo-web.jpg","width":866,"height":460,"caption":"Lasserhaus"},"image":{"@id":"https:\/\/staging.lasserhaus.it\/it\/#\/schema\/logo\/image\/"}}]}},"_links":{"self":[{"href":"https:\/\/staging.lasserhaus.it\/it\/wp-json\/wp\/v2\/pages\/1928","targetHints":{"allow":["GET"]}}],"collection":[{"href":"https:\/\/staging.lasserhaus.it\/it\/wp-json\/wp\/v2\/pages"}],"about":[{"href":"https:\/\/staging.lasserhaus.it\/it\/wp-json\/wp\/v2\/types\/page"}],"author":[{"embeddable":true,"href":"https:\/\/staging.lasserhaus.it\/it\/wp-json\/wp\/v2\/users\/1"}],"replies":[{"embeddable":true,"href":"https:\/\/staging.lasserhaus.it\/it\/wp-json\/wp\/v2\/comments?post=1928"}],"version-history":[{"count":7,"href":"https:\/\/staging.lasserhaus.it\/it\/wp-json\/wp\/v2\/pages\/1928\/revisions"}],"predecessor-version":[{"id":3342,"href":"https:\/\/staging.lasserhaus.it\/it\/wp-json\/wp\/v2\/pages\/1928\/revisions\/3342"}],"wp:attachment":[{"href":"https:\/\/staging.lasserhaus.it\/it\/wp-json\/wp\/v2\/media?parent=1928"}],"curies":[{"name":"wp","href":"https:\/\/api.w.org\/{rel}","templated":true}]}}