{"id":1930,"date":"2024-08-22T16:12:04","date_gmt":"2024-08-22T14:12:04","guid":{"rendered":"https:\/\/staging.lasserhaus.it\/art\/"},"modified":"2024-12-03T12:48:27","modified_gmt":"2024-12-03T11:48:27","slug":"art","status":"publish","type":"page","link":"https:\/\/staging.lasserhaus.it\/en\/art\/","title":{"rendered":"Art"},"content":{"rendered":"\t\t<div data-elementor-type=\"wp-page\" data-elementor-id=\"1930\" class=\"elementor elementor-1930 elementor-1440\" data-elementor-post-type=\"page\">\n\t\t\t\t<div class=\"elementor-element elementor-element-a8a89fa e-flex e-con-boxed e-con e-parent\" data-id=\"a8a89fa\" data-element_type=\"container\" data-settings=\"{&quot;background_background&quot;:&quot;classic&quot;}\">\n\t\t\t\t\t<div class=\"e-con-inner\">\n\t\t\t\t<div class=\"elementor-element elementor-element-4db0fef elementor-widget elementor-widget-heading\" data-id=\"4db0fef\" data-element_type=\"widget\" data-widget_type=\"heading.default\">\n\t\t\t\t<div class=\"elementor-widget-container\">\n\t\t\t\t\t<h1 class=\"elementor-heading-title elementor-size-default\">Art at the Lasserhaus<\/h1>\t\t\t\t<\/div>\n\t\t\t\t<\/div>\n\t\t\t\t<div class=\"elementor-element elementor-element-d0d13c6 elementor-widget elementor-widget-breadcrumbs\" data-id=\"d0d13c6\" data-element_type=\"widget\" data-widget_type=\"breadcrumbs.default\">\n\t\t\t\t<div class=\"elementor-widget-container\">\n\t\t\t\t\t<p id=\"breadcrumbs\"><span><span><a href=\"https:\/\/staging.lasserhaus.it\/en\/\">Home<\/a><\/span><\/span><\/p>\t\t\t\t<\/div>\n\t\t\t\t<\/div>\n\t\t\t\t\t<\/div>\n\t\t\t\t<\/div>\n\t\t<div class=\"elementor-element elementor-element-07bd425 e-flex e-con-boxed e-con e-parent\" data-id=\"07bd425\" data-element_type=\"container\" data-settings=\"{&quot;background_background&quot;:&quot;classic&quot;}\">\n\t\t\t\t\t<div class=\"e-con-inner\">\n\t\t<div class=\"elementor-element elementor-element-a20f924 e-con-full e-flex e-con e-child\" data-id=\"a20f924\" data-element_type=\"container\">\n\t\t\t\t<div class=\"elementor-element elementor-element-ccfdabd elementor-widget elementor-widget-heading\" data-id=\"ccfdabd\" data-element_type=\"widget\" data-widget_type=\"heading.default\">\n\t\t\t\t<div class=\"elementor-widget-container\">\n\t\t\t\t\t<h2 class=\"elementor-heading-title elementor-size-default\">Permanent works<\/h2>\t\t\t\t<\/div>\n\t\t\t\t<\/div>\n\t\t\t\t<div class=\"elementor-element elementor-element-ac40b30 elementor-widget elementor-widget-text-editor\" data-id=\"ac40b30\" data-element_type=\"widget\" data-widget_type=\"text-editor.default\">\n\t\t\t\t<div class=\"elementor-widget-container\">\n\t\t\t\t\t\t\t\t\t<p>When you enter the Lasserhaus, you immediately sense the energy of a building that has been around for many years. And yet, in addition to this historical aura, the building surprises with its contemporary architecture, which is interspersed with individual works of art. Welcome to the Lasserhaus. Here, history and modernity live in a symbiosis rich in contrast.<\/p>\n\t\t\t\t\t\t\t\t<\/div>\n\t\t\t\t<\/div>\n\t\t<div class=\"elementor-element elementor-element-59c9e3e e-con-full e-flex e-con e-child\" data-id=\"59c9e3e\" data-element_type=\"container\">\n\t\t\t\t<div class=\"elementor-element elementor-element-00f917b elementor-widget elementor-widget-button\" data-id=\"00f917b\" data-element_type=\"widget\" data-widget_type=\"button.default\">\n\t\t\t\t<div class=\"elementor-widget-container\">\n\t\t\t\t\t\t\t\t\t<div class=\"elementor-button-wrapper\">\n\t\t\t\t\t<a class=\"elementor-button elementor-button-link elementor-size-sm\" href=\"https:\/\/staging.lasserhaus.it\/en\/art\/contemporary-works-at-the-lasserhaus\/\">\n\t\t\t\t\t\t<span class=\"elementor-button-content-wrapper\">\n\t\t\t\t\t\t\t\t\t<span class=\"elementor-button-text\">Contemporary works<\/span>\n\t\t\t\t\t<\/span>\n\t\t\t\t\t<\/a>\n\t\t\t\t<\/div>\n\t\t\t\t\t\t\t\t<\/div>\n\t\t\t\t<\/div>\n\t\t\t\t<div class=\"elementor-element elementor-element-16e850d elementor-widget elementor-widget-button\" data-id=\"16e850d\" data-element_type=\"widget\" data-widget_type=\"button.default\">\n\t\t\t\t<div class=\"elementor-widget-container\">\n\t\t\t\t\t\t\t\t\t<div class=\"elementor-button-wrapper\">\n\t\t\t\t\t<a class=\"elementor-button elementor-button-link elementor-size-sm\" href=\"https:\/\/staging.lasserhaus.it\/en\/art\/classical-works-at-the-lasserhaus\/\">\n\t\t\t\t\t\t<span class=\"elementor-button-content-wrapper\">\n\t\t\t\t\t\t\t\t\t<span class=\"elementor-button-text\">Classical works<\/span>\n\t\t\t\t\t<\/span>\n\t\t\t\t\t<\/a>\n\t\t\t\t<\/div>\n\t\t\t\t\t\t\t\t<\/div>\n\t\t\t\t<\/div>\n\t\t\t\t<\/div>\n\t\t\t\t<\/div>\n\t\t<div class=\"elementor-element elementor-element-aae50b2 e-con-full e-flex e-con e-child\" data-id=\"aae50b2\" data-element_type=\"container\">\n\t\t\t\t<div class=\"elementor-element elementor-element-c2853f6 elementor-widget elementor-widget-image\" data-id=\"c2853f6\" data-element_type=\"widget\" data-widget_type=\"image.default\">\n\t\t\t\t<div class=\"elementor-widget-container\">\n\t\t\t\t\t\t\t\t\t\t\t\t\t\t\t<img fetchpriority=\"high\" decoding=\"async\" width=\"1024\" height=\"683\" src=\"https:\/\/staging.lasserhaus.it\/wp-content\/uploads\/2024\/08\/Lasserhaus-Part-III-web-321-1024x683.jpg\" class=\"attachment-large size-large wp-image-1460\" alt=\"Das Foto zeigt einen Bereich im Erdgeschoss des Lasserhaus. In der Ecke des Raumes steht ein gr\u00fcnes Sofa. An der Wand h\u00e4ngen drei klassische Gem\u00e4lde aus der Kunstsammlung des Lasserhaus, dazwischen h\u00e4ngt das Werk &quot;like&quot; von Petra Polli.\" srcset=\"https:\/\/staging.lasserhaus.it\/wp-content\/uploads\/2024\/08\/Lasserhaus-Part-III-web-321-1024x683.jpg 1024w, https:\/\/staging.lasserhaus.it\/wp-content\/uploads\/2024\/08\/Lasserhaus-Part-III-web-321-300x200.jpg 300w, https:\/\/staging.lasserhaus.it\/wp-content\/uploads\/2024\/08\/Lasserhaus-Part-III-web-321-768x512.jpg 768w, https:\/\/staging.lasserhaus.it\/wp-content\/uploads\/2024\/08\/Lasserhaus-Part-III-web-321-1536x1025.jpg 1536w, https:\/\/staging.lasserhaus.it\/wp-content\/uploads\/2024\/08\/Lasserhaus-Part-III-web-321.jpg 2048w\" sizes=\"(max-width: 1024px) 100vw, 1024px\" \/>\t\t\t\t\t\t\t\t\t\t\t\t\t\t\t<\/div>\n\t\t\t\t<\/div>\n\t\t\t\t<\/div>\n\t\t\t\t\t<\/div>\n\t\t\t\t<\/div>\n\t\t<div class=\"elementor-element elementor-element-7fe6a3b e-flex e-con-boxed e-con e-parent\" data-id=\"7fe6a3b\" data-element_type=\"container\">\n\t\t\t\t\t<div class=\"e-con-inner\">\n\t\t<div class=\"elementor-element elementor-element-2b4a26d e-con-full e-flex e-con e-child\" data-id=\"2b4a26d\" data-element_type=\"container\">\n\t\t\t\t<div class=\"elementor-element elementor-element-b537adc elementor-widget elementor-widget-heading\" data-id=\"b537adc\" data-element_type=\"widget\" data-widget_type=\"heading.default\">\n\t\t\t\t<div class=\"elementor-widget-container\">\n\t\t\t\t\t<h2 class=\"elementor-heading-title elementor-size-default\"><a href=\"https:\/\/staging.lasserhaus.it\/kunst\/lasser-crossing\/\">Lasser Crossing<\/a><\/h2>\t\t\t\t<\/div>\n\t\t\t\t<\/div>\n\t\t\t\t<div class=\"elementor-element elementor-element-f56adad elementor-widget elementor-widget-text-editor\" data-id=\"f56adad\" data-element_type=\"widget\" data-widget_type=\"text-editor.default\">\n\t\t\t\t<div class=\"elementor-widget-container\">\n\t\t\t\t\t\t\t\t\t<p>Lasser Crossing is the hotel\u2019s cultural programme. We love culture and want to share it with our guests. Artists and cultural professionals, as well as friends and cultural centres, are therefore always welcome. Mutual exchange creates encounters that resonate for a long time.<\/p>\n\t\t\t\t\t\t\t\t<\/div>\n\t\t\t\t<\/div>\n\t\t\t\t<div class=\"elementor-element elementor-element-a5a5d1c elementor-widget elementor-widget-button\" data-id=\"a5a5d1c\" data-element_type=\"widget\" data-widget_type=\"button.default\">\n\t\t\t\t<div class=\"elementor-widget-container\">\n\t\t\t\t\t\t\t\t\t<div class=\"elementor-button-wrapper\">\n\t\t\t\t\t<a class=\"elementor-button elementor-button-link elementor-size-sm\" href=\"https:\/\/staging.lasserhaus.it\/en\/art\/lasser-crossing\/\">\n\t\t\t\t\t\t<span class=\"elementor-button-content-wrapper\">\n\t\t\t\t\t\t\t\t\t<span class=\"elementor-button-text\">Learn more<\/span>\n\t\t\t\t\t<\/span>\n\t\t\t\t\t<\/a>\n\t\t\t\t<\/div>\n\t\t\t\t\t\t\t\t<\/div>\n\t\t\t\t<\/div>\n\t\t\t\t<\/div>\n\t\t<div class=\"elementor-element elementor-element-8f1455b e-con-full e-flex e-con e-child\" data-id=\"8f1455b\" data-element_type=\"container\">\n\t\t\t\t<div class=\"elementor-element elementor-element-0f65284 elementor-widget elementor-widget-image\" data-id=\"0f65284\" data-element_type=\"widget\" data-widget_type=\"image.default\">\n\t\t\t\t<div class=\"elementor-widget-container\">\n\t\t\t\t\t\t\t\t\t\t\t\t\t\t\t\t<a href=\"https:\/\/staging.lasserhaus.it\/kunst\/lasser-crossing\/\">\n\t\t\t\t\t\t\t<img decoding=\"async\" width=\"1024\" height=\"683\" src=\"https:\/\/staging.lasserhaus.it\/wp-content\/uploads\/2024\/08\/K2A3004-web-\u00a9freiundzeit-1024x683.jpg\" class=\"attachment-large size-large wp-image-1469\" alt=\"Das Foto zeigt verschiedene Personen beim Besichtigen des Lasserhaus im Rahmen von Lasser Crossing.\" srcset=\"https:\/\/staging.lasserhaus.it\/wp-content\/uploads\/2024\/08\/K2A3004-web-\u00a9freiundzeit-1024x683.jpg 1024w, https:\/\/staging.lasserhaus.it\/wp-content\/uploads\/2024\/08\/K2A3004-web-\u00a9freiundzeit-300x200.jpg 300w, https:\/\/staging.lasserhaus.it\/wp-content\/uploads\/2024\/08\/K2A3004-web-\u00a9freiundzeit-768x512.jpg 768w, https:\/\/staging.lasserhaus.it\/wp-content\/uploads\/2024\/08\/K2A3004-web-\u00a9freiundzeit-1536x1025.jpg 1536w, https:\/\/staging.lasserhaus.it\/wp-content\/uploads\/2024\/08\/K2A3004-web-\u00a9freiundzeit.jpg 2048w\" sizes=\"(max-width: 1024px) 100vw, 1024px\" \/>\t\t\t\t\t\t\t\t<\/a>\n\t\t\t\t\t\t\t\t\t\t\t\t\t\t\t<\/div>\n\t\t\t\t<\/div>\n\t\t\t\t<\/div>\n\t\t\t\t\t<\/div>\n\t\t\t\t<\/div>\n\t\t<div class=\"elementor-element elementor-element-28cbd13 e-con-full e-flex e-con e-parent\" data-id=\"28cbd13\" data-element_type=\"container\">\n\t\t\t\t<div class=\"elementor-element elementor-element-832be01 elementor-widget elementor-widget-shortcode\" data-id=\"832be01\" data-element_type=\"widget\" data-widget_type=\"shortcode.default\">\n\t\t\t\t<div class=\"elementor-widget-container\">\n\t\t\t\t\t\t\t<div class=\"elementor-shortcode\">\t\t<div data-elementor-type=\"container\" data-elementor-id=\"1894\" class=\"elementor elementor-1894 elementor-1889\" data-elementor-post-type=\"elementor_library\">\n\t\t\t\t<div class=\"elementor-element elementor-element-2085d11 e-flex e-con-boxed e-con e-parent\" data-id=\"2085d11\" data-element_type=\"container\" data-settings=\"{&quot;background_background&quot;:&quot;classic&quot;}\">\n\t\t\t\t\t<div class=\"e-con-inner\">\n\t\t<div class=\"elementor-element elementor-element-60fa684 e-flex e-con-boxed e-con e-child\" data-id=\"60fa684\" data-element_type=\"container\">\n\t\t\t\t\t<div class=\"e-con-inner\">\n\t\t\t\t<div class=\"elementor-element elementor-element-5568d02 elementor-widget elementor-widget-heading\" data-id=\"5568d02\" data-element_type=\"widget\" data-widget_type=\"heading.default\">\n\t\t\t\t<div class=\"elementor-widget-container\">\n\t\t\t\t\t<h2 class=\"elementor-heading-title elementor-size-default\">Culinary delights and urban flair just a few steps away<\/h2>\t\t\t\t<\/div>\n\t\t\t\t<\/div>\n\t\t\t\t\t<\/div>\n\t\t\t\t<\/div>\n\t\t<div class=\"elementor-element elementor-element-585c62d e-con-full e-flex e-con e-child\" data-id=\"585c62d\" data-element_type=\"container\">\n\t\t<div class=\"elementor-element elementor-element-3f596e6 e-flex e-con-boxed e-con e-child\" data-id=\"3f596e6\" data-element_type=\"container\">\n\t\t\t\t\t<div class=\"e-con-inner\">\n\t\t\t\t<div class=\"elementor-element elementor-element-6063040 elementor-widget elementor-widget-heading\" data-id=\"6063040\" data-element_type=\"widget\" data-widget_type=\"heading.default\">\n\t\t\t\t<div class=\"elementor-widget-container\">\n\t\t\t\t\t<h3 class=\"elementor-heading-title elementor-size-default\"> Cuisine at<br>'Alter Schlachthof'<\/h3>\t\t\t\t<\/div>\n\t\t\t\t<\/div>\n\t\t\t\t<div class=\"elementor-element elementor-element-9f0dff8 elementor-widget elementor-widget-image\" data-id=\"9f0dff8\" data-element_type=\"widget\" data-widget_type=\"image.default\">\n\t\t\t\t<div class=\"elementor-widget-container\">\n\t\t\t\t\t\t\t\t\t\t\t\t\t\t\t<img decoding=\"async\" width=\"1024\" height=\"683\" src=\"https:\/\/staging.lasserhaus.it\/wp-content\/uploads\/2024\/10\/alter-schlachthof-kulinarik-1.jpg\" class=\"attachment-large size-large wp-image-2651\" alt=\"Das Bild zeigt einen gedeckten Tisch im Restaurant Alter Schlachthof in Brixen. Auf dem Tisch befinden sich ein Steak, Salate, das hauseigene Viertel Bier und S\u00fcsskartoffel Spalten.\" srcset=\"https:\/\/staging.lasserhaus.it\/wp-content\/uploads\/2024\/10\/alter-schlachthof-kulinarik-1.jpg 1024w, https:\/\/staging.lasserhaus.it\/wp-content\/uploads\/2024\/10\/alter-schlachthof-kulinarik-1-300x200.jpg 300w, https:\/\/staging.lasserhaus.it\/wp-content\/uploads\/2024\/10\/alter-schlachthof-kulinarik-1-768x512.jpg 768w\" sizes=\"(max-width: 1024px) 100vw, 1024px\" \/>\t\t\t\t\t\t\t\t\t\t\t\t\t\t\t<\/div>\n\t\t\t\t<\/div>\n\t\t\t\t<div class=\"elementor-element elementor-element-65f7bd3 elementor-widget elementor-widget-text-editor\" data-id=\"65f7bd3\" data-element_type=\"widget\" data-widget_type=\"text-editor.default\">\n\t\t\t\t<div class=\"elementor-widget-container\">\n\t\t\t\t\t\t\t\t\t<p>In our restaurant \u2018Alter Schlachthof \u2018, we use as many products as possible from local farmers and selected suppliers in the immediate vicinity. This applies to South Tyrolean classics as well as excursions into international cuisine.<\/p>\n\t\t\t\t\t\t\t\t<\/div>\n\t\t\t\t<\/div>\n\t\t\t\t\t<\/div>\n\t\t\t\t<\/div>\n\t\t<div class=\"elementor-element elementor-element-44ffff7 e-flex e-con-boxed e-con e-child\" data-id=\"44ffff7\" data-element_type=\"container\">\n\t\t\t\t\t<div class=\"e-con-inner\">\n\t\t\t\t<div class=\"elementor-element elementor-element-fe2163b elementor-widget elementor-widget-heading\" data-id=\"fe2163b\" data-element_type=\"widget\" data-widget_type=\"heading.default\">\n\t\t\t\t<div class=\"elementor-widget-container\">\n\t\t\t\t\t<h3 class=\"elementor-heading-title elementor-size-default\">'Aperitivo-Time' at<br>the 'Viertel Bar' <\/h3>\t\t\t\t<\/div>\n\t\t\t\t<\/div>\n\t\t\t\t<div class=\"elementor-element elementor-element-f9e9f88 elementor-widget elementor-widget-image\" data-id=\"f9e9f88\" data-element_type=\"widget\" data-widget_type=\"image.default\">\n\t\t\t\t<div class=\"elementor-widget-container\">\n\t\t\t\t\t\t\t\t\t\t\t\t\t\t\t<img loading=\"lazy\" decoding=\"async\" width=\"1024\" height=\"683\" src=\"https:\/\/staging.lasserhaus.it\/wp-content\/uploads\/2024\/10\/K2A6739-web-\u00a9freiundzeit-1024x683.jpg\" class=\"attachment-large size-large wp-image-2601\" alt=\"Das 3 H\u00e4nde mit verschiedenen Getr\u00e4nken in der Viertel Bar in der Brixner Innenstadt beim Ansto\u00dfen\" srcset=\"https:\/\/staging.lasserhaus.it\/wp-content\/uploads\/2024\/10\/K2A6739-web-\u00a9freiundzeit-1024x683.jpg 1024w, https:\/\/staging.lasserhaus.it\/wp-content\/uploads\/2024\/10\/K2A6739-web-\u00a9freiundzeit-300x200.jpg 300w, https:\/\/staging.lasserhaus.it\/wp-content\/uploads\/2024\/10\/K2A6739-web-\u00a9freiundzeit-768x512.jpg 768w, https:\/\/staging.lasserhaus.it\/wp-content\/uploads\/2024\/10\/K2A6739-web-\u00a9freiundzeit-1536x1025.jpg 1536w, https:\/\/staging.lasserhaus.it\/wp-content\/uploads\/2024\/10\/K2A6739-web-\u00a9freiundzeit.jpg 2048w\" sizes=\"(max-width: 1024px) 100vw, 1024px\" \/>\t\t\t\t\t\t\t\t\t\t\t\t\t\t\t<\/div>\n\t\t\t\t<\/div>\n\t\t\t\t<div class=\"elementor-element elementor-element-84b9970 elementor-widget elementor-widget-text-editor\" data-id=\"84b9970\" data-element_type=\"widget\" data-widget_type=\"text-editor.default\">\n\t\t\t\t<div class=\"elementor-widget-container\">\n\t\t\t\t\t\t\t\t\t<p>Enjoy a wide selection of drinks and delicious easy dishes and appetisers in our bar in the centre of Bressanone\/Brixen. The stylish bar and the outdoor area with a view of the white tower invite young and old to linger.<\/p>\n\t\t\t\t\t\t\t\t<\/div>\n\t\t\t\t<\/div>\n\t\t\t\t\t<\/div>\n\t\t\t\t<\/div>\n\t\t\t\t<\/div>\n\t\t\t\t\t<\/div>\n\t\t\t\t<\/div>\n\t\t\t\t<\/div>\n\t\t<\/div>\n\t\t\t\t\t\t<\/div>\n\t\t\t\t<\/div>\n\t\t\t\t<\/div>\n\t\t\t\t<\/div>\n\t\t","protected":false},"excerpt":{"rendered":"<p>Art at the Lasserhaus Permanent works When you enter the Lasserhaus, you immediately sense the energy of a building that has been around for many years. And yet, in addition to this historical aura, the building surprises with its contemporary architecture, which is interspersed with individual works of art. Welcome to the Lasserhaus. Here, history [&hellip;]<\/p>\n","protected":false},"author":1,"featured_media":0,"parent":0,"menu_order":0,"comment_status":"closed","ping_status":"closed","template":"","meta":{"_acf_changed":false},"class_list":["post-1930","page","type-page","status-publish","hentry"],"acf":[],"yoast_head":"<!-- This site is optimized with the Yoast SEO plugin v26.3 - https:\/\/yoast.com\/wordpress\/plugins\/seo\/ -->\n<title>Art - Lasserhaus<\/title>\n<meta name=\"robots\" content=\"noindex, follow, max-snippet:-1, max-image-preview:large, max-video-preview:-1\" \/>\n<meta property=\"og:locale\" content=\"en_US\" \/>\n<meta property=\"og:type\" content=\"article\" \/>\n<meta property=\"og:title\" content=\"Art - Lasserhaus\" \/>\n<meta property=\"og:description\" content=\"Art at the Lasserhaus Permanent works When you enter the Lasserhaus, you immediately sense the energy of a building that has been around for many years. And yet, in addition to this historical aura, the building surprises with its contemporary architecture, which is interspersed with individual works of art. Welcome to the Lasserhaus. Here, history [&hellip;]\" \/>\n<meta property=\"og:url\" content=\"https:\/\/staging.lasserhaus.it\/en\/art\/\" \/>\n<meta property=\"og:site_name\" content=\"Lasserhaus\" \/>\n<meta property=\"article:modified_time\" content=\"2024-12-03T11:48:27+00:00\" \/>\n<meta property=\"og:image\" content=\"https:\/\/staging.lasserhaus.it\/wp-content\/uploads\/2024\/08\/Lasserhaus-Part-III-web-321.jpg\" \/>\n\t<meta property=\"og:image:width\" content=\"2048\" \/>\n\t<meta property=\"og:image:height\" content=\"1366\" \/>\n\t<meta property=\"og:image:type\" content=\"image\/jpeg\" \/>\n<meta name=\"twitter:card\" content=\"summary_large_image\" \/>\n<meta name=\"twitter:label1\" content=\"Est. reading time\" \/>\n\t<meta name=\"twitter:data1\" content=\"1 minute\" \/>\n<script type=\"application\/ld+json\" class=\"yoast-schema-graph\">{\"@context\":\"https:\/\/schema.org\",\"@graph\":[{\"@type\":\"WebPage\",\"@id\":\"https:\/\/staging.lasserhaus.it\/en\/art\/\",\"url\":\"https:\/\/staging.lasserhaus.it\/en\/art\/\",\"name\":\"Art - Lasserhaus\",\"isPartOf\":{\"@id\":\"https:\/\/staging.lasserhaus.it\/en\/#website\"},\"primaryImageOfPage\":{\"@id\":\"https:\/\/staging.lasserhaus.it\/en\/art\/#primaryimage\"},\"image\":{\"@id\":\"https:\/\/staging.lasserhaus.it\/en\/art\/#primaryimage\"},\"thumbnailUrl\":\"https:\/\/staging.lasserhaus.it\/wp-content\/uploads\/2024\/08\/Lasserhaus-Part-III-web-321-1024x683.jpg\",\"datePublished\":\"2024-08-22T14:12:04+00:00\",\"dateModified\":\"2024-12-03T11:48:27+00:00\",\"breadcrumb\":{\"@id\":\"https:\/\/staging.lasserhaus.it\/en\/art\/#breadcrumb\"},\"inLanguage\":\"en-US\",\"potentialAction\":[{\"@type\":\"ReadAction\",\"target\":[\"https:\/\/staging.lasserhaus.it\/en\/art\/\"]}]},{\"@type\":\"ImageObject\",\"inLanguage\":\"en-US\",\"@id\":\"https:\/\/staging.lasserhaus.it\/en\/art\/#primaryimage\",\"url\":\"https:\/\/staging.lasserhaus.it\/wp-content\/uploads\/2024\/08\/Lasserhaus-Part-III-web-321-1024x683.jpg\",\"contentUrl\":\"https:\/\/staging.lasserhaus.it\/wp-content\/uploads\/2024\/08\/Lasserhaus-Part-III-web-321-1024x683.jpg\"},{\"@type\":\"BreadcrumbList\",\"@id\":\"https:\/\/staging.lasserhaus.it\/en\/art\/#breadcrumb\",\"itemListElement\":[{\"@type\":\"ListItem\",\"position\":1,\"name\":\"Home\",\"item\":\"https:\/\/staging.lasserhaus.it\/en\/\"},{\"@type\":\"ListItem\",\"position\":2,\"name\":\"Art\"}]},{\"@type\":\"WebSite\",\"@id\":\"https:\/\/staging.lasserhaus.it\/en\/#website\",\"url\":\"https:\/\/staging.lasserhaus.it\/en\/\",\"name\":\"Lasserhaus\",\"description\":\"\",\"publisher\":{\"@id\":\"https:\/\/staging.lasserhaus.it\/en\/#organization\"},\"potentialAction\":[{\"@type\":\"SearchAction\",\"target\":{\"@type\":\"EntryPoint\",\"urlTemplate\":\"https:\/\/staging.lasserhaus.it\/en\/?s={search_term_string}\"},\"query-input\":{\"@type\":\"PropertyValueSpecification\",\"valueRequired\":true,\"valueName\":\"search_term_string\"}}],\"inLanguage\":\"en-US\"},{\"@type\":\"Organization\",\"@id\":\"https:\/\/staging.lasserhaus.it\/en\/#organization\",\"name\":\"Lasserhaus\",\"url\":\"https:\/\/staging.lasserhaus.it\/en\/\",\"logo\":{\"@type\":\"ImageObject\",\"inLanguage\":\"en-US\",\"@id\":\"https:\/\/staging.lasserhaus.it\/en\/#\/schema\/logo\/image\/\",\"url\":\"https:\/\/staging.lasserhaus.it\/wp-content\/uploads\/2023\/04\/lasserhaus-logo-web.jpg\",\"contentUrl\":\"https:\/\/staging.lasserhaus.it\/wp-content\/uploads\/2023\/04\/lasserhaus-logo-web.jpg\",\"width\":866,\"height\":460,\"caption\":\"Lasserhaus\"},\"image\":{\"@id\":\"https:\/\/staging.lasserhaus.it\/en\/#\/schema\/logo\/image\/\"}}]}<\/script>\n<!-- \/ Yoast SEO plugin. -->","yoast_head_json":{"title":"Art - Lasserhaus","robots":{"index":"noindex","follow":"follow","max-snippet":"max-snippet:-1","max-image-preview":"max-image-preview:large","max-video-preview":"max-video-preview:-1"},"og_locale":"en_US","og_type":"article","og_title":"Art - Lasserhaus","og_description":"Art at the Lasserhaus Permanent works When you enter the Lasserhaus, you immediately sense the energy of a building that has been around for many years. And yet, in addition to this historical aura, the building surprises with its contemporary architecture, which is interspersed with individual works of art. Welcome to the Lasserhaus. Here, history [&hellip;]","og_url":"https:\/\/staging.lasserhaus.it\/en\/art\/","og_site_name":"Lasserhaus","article_modified_time":"2024-12-03T11:48:27+00:00","og_image":[{"width":2048,"height":1366,"url":"https:\/\/staging.lasserhaus.it\/wp-content\/uploads\/2024\/08\/Lasserhaus-Part-III-web-321.jpg","type":"image\/jpeg"}],"twitter_card":"summary_large_image","twitter_misc":{"Est. reading time":"1 minute"},"schema":{"@context":"https:\/\/schema.org","@graph":[{"@type":"WebPage","@id":"https:\/\/staging.lasserhaus.it\/en\/art\/","url":"https:\/\/staging.lasserhaus.it\/en\/art\/","name":"Art - Lasserhaus","isPartOf":{"@id":"https:\/\/staging.lasserhaus.it\/en\/#website"},"primaryImageOfPage":{"@id":"https:\/\/staging.lasserhaus.it\/en\/art\/#primaryimage"},"image":{"@id":"https:\/\/staging.lasserhaus.it\/en\/art\/#primaryimage"},"thumbnailUrl":"https:\/\/staging.lasserhaus.it\/wp-content\/uploads\/2024\/08\/Lasserhaus-Part-III-web-321-1024x683.jpg","datePublished":"2024-08-22T14:12:04+00:00","dateModified":"2024-12-03T11:48:27+00:00","breadcrumb":{"@id":"https:\/\/staging.lasserhaus.it\/en\/art\/#breadcrumb"},"inLanguage":"en-US","potentialAction":[{"@type":"ReadAction","target":["https:\/\/staging.lasserhaus.it\/en\/art\/"]}]},{"@type":"ImageObject","inLanguage":"en-US","@id":"https:\/\/staging.lasserhaus.it\/en\/art\/#primaryimage","url":"https:\/\/staging.lasserhaus.it\/wp-content\/uploads\/2024\/08\/Lasserhaus-Part-III-web-321-1024x683.jpg","contentUrl":"https:\/\/staging.lasserhaus.it\/wp-content\/uploads\/2024\/08\/Lasserhaus-Part-III-web-321-1024x683.jpg"},{"@type":"BreadcrumbList","@id":"https:\/\/staging.lasserhaus.it\/en\/art\/#breadcrumb","itemListElement":[{"@type":"ListItem","position":1,"name":"Home","item":"https:\/\/staging.lasserhaus.it\/en\/"},{"@type":"ListItem","position":2,"name":"Art"}]},{"@type":"WebSite","@id":"https:\/\/staging.lasserhaus.it\/en\/#website","url":"https:\/\/staging.lasserhaus.it\/en\/","name":"Lasserhaus","description":"","publisher":{"@id":"https:\/\/staging.lasserhaus.it\/en\/#organization"},"potentialAction":[{"@type":"SearchAction","target":{"@type":"EntryPoint","urlTemplate":"https:\/\/staging.lasserhaus.it\/en\/?s={search_term_string}"},"query-input":{"@type":"PropertyValueSpecification","valueRequired":true,"valueName":"search_term_string"}}],"inLanguage":"en-US"},{"@type":"Organization","@id":"https:\/\/staging.lasserhaus.it\/en\/#organization","name":"Lasserhaus","url":"https:\/\/staging.lasserhaus.it\/en\/","logo":{"@type":"ImageObject","inLanguage":"en-US","@id":"https:\/\/staging.lasserhaus.it\/en\/#\/schema\/logo\/image\/","url":"https:\/\/staging.lasserhaus.it\/wp-content\/uploads\/2023\/04\/lasserhaus-logo-web.jpg","contentUrl":"https:\/\/staging.lasserhaus.it\/wp-content\/uploads\/2023\/04\/lasserhaus-logo-web.jpg","width":866,"height":460,"caption":"Lasserhaus"},"image":{"@id":"https:\/\/staging.lasserhaus.it\/en\/#\/schema\/logo\/image\/"}}]}},"_links":{"self":[{"href":"https:\/\/staging.lasserhaus.it\/en\/wp-json\/wp\/v2\/pages\/1930","targetHints":{"allow":["GET"]}}],"collection":[{"href":"https:\/\/staging.lasserhaus.it\/en\/wp-json\/wp\/v2\/pages"}],"about":[{"href":"https:\/\/staging.lasserhaus.it\/en\/wp-json\/wp\/v2\/types\/page"}],"author":[{"embeddable":true,"href":"https:\/\/staging.lasserhaus.it\/en\/wp-json\/wp\/v2\/users\/1"}],"replies":[{"embeddable":true,"href":"https:\/\/staging.lasserhaus.it\/en\/wp-json\/wp\/v2\/comments?post=1930"}],"version-history":[{"count":6,"href":"https:\/\/staging.lasserhaus.it\/en\/wp-json\/wp\/v2\/pages\/1930\/revisions"}],"predecessor-version":[{"id":3343,"href":"https:\/\/staging.lasserhaus.it\/en\/wp-json\/wp\/v2\/pages\/1930\/revisions\/3343"}],"wp:attachment":[{"href":"https:\/\/staging.lasserhaus.it\/en\/wp-json\/wp\/v2\/media?parent=1930"}],"curies":[{"name":"wp","href":"https:\/\/api.w.org\/{rel}","templated":true}]}}